{"id":23,"date":"2019-08-02T17:00:15","date_gmt":"2019-08-02T15:00:15","guid":{"rendered":"https:\/\/www.schmuck-jena.de\/wp\/?page_id=23"},"modified":"2026-03-15T11:32:05","modified_gmt":"2026-03-15T10:32:05","slug":"trauringe-und-goldschmied","status":"publish","type":"page","link":"https:\/\/www.schmuck-jena.de\/wp\/","title":{"rendered":"Katrins Schmuckl\u00e4dchen"},"content":{"rendered":"\n<p style=\"font-size:18px\">Wir freuen uns sehr Sie in unseren Gesch\u00e4ft begr\u00fc\u00dfen zu d\u00fcrfen und Sie in Sachen Schmuck , Eheringen und Uhren sowie Reparaturen, Anfertigungen und Umarbeitungen zu beraten.<\/p>\n\n\n\n<p style=\"font-size:18px\">Seit nunmehr 30 Jahren sind wir Ihr kompetenter Ansprechpartner in Sachen Schmuck und Uhren in Jena.<\/p>\n\n\n\n<p style=\"font-size:18px\">Gerne beraten wir Sie und stehen Ihnen mit unserer Erfahrung als Trauring-Spezialisten und Goldschmiede zur Verf\u00fcgung. Vereinbaren Sie einfach einen pers\u00f6nlichen Beratungstermin mit uns. <a href=\"https:\/\/www.schmuck-jena.de\/wp\/kontakt\">Hier <\/a>k\u00f6nnen Sie Kontakt mit uns aufnehmen.<\/p>\n\n\n\n<h3 class=\"wp-block-heading has-text-align-center has-luminous-vivid-orange-color has-text-color has-link-color wp-elements-702c1fc2f532f2e38e664bd96d9e402e\" style=\"font-size:22px\"><br><br><\/h3>\n\n\n\n<p style=\"font-size:18px\"><\/p>\n\n\n\n<div class=\"wp-block-columns are-vertically-aligned-center has-2-columns is-layout-flex wp-container-core-columns-is-layout-9d6595d7 wp-block-columns-is-layout-flex\">\n<div class=\"wp-block-column is-vertically-aligned-center is-layout-flow wp-block-column-is-layout-flow\">\n<p class=\"has-text-align-center\" style=\"font-size:18px\"><br><strong>Im Burgaupark<\/strong><br>07745 Jena<br>Telefon&nbsp;<a href=\"tel:+493641365088\">03641-365088<\/a><br><br><strong>\u00d6ffnungszeiten:<\/strong><br>Montag &#8211; Freitag: 10:00-19:00 Uhr<br>Samstag: 10:00 -18:00 Uhr<\/p>\n<\/div>\n<\/div>\n\n\n<div class=\"wp-block-image\">\n<figure class=\"aligncenter size-full is-resized\"><a href=\"https:\/\/cyts.mytrends.store\/schmuck-jena\/?___store=cy_ts_de\" target=\"_blank\" rel=\"https:\/\/cyts.mytrends.store\/schmuck-jena\/?___store=cy_ts_de noreferrer noopener\"><img fetchpriority=\"high\" decoding=\"async\" width=\"1024\" height=\"576\" src=\"https:\/\/www.schmuck-jena.de\/wp\/wp-content\/uploads\/2026\/03\/mytrends_2026-03-q.jpg\" alt=\"\" class=\"wp-image-882\" style=\"object-fit:cover;width:1024px;height:576px\" srcset=\"https:\/\/www.schmuck-jena.de\/wp\/wp-content\/uploads\/2026\/03\/mytrends_2026-03-q.jpg 1024w, https:\/\/www.schmuck-jena.de\/wp\/wp-content\/uploads\/2026\/03\/mytrends_2026-03-q-300x169.jpg 300w, https:\/\/www.schmuck-jena.de\/wp\/wp-content\/uploads\/2026\/03\/mytrends_2026-03-q-768x432.jpg 768w\" sizes=\"(max-width: 1024px) 100vw, 1024px\" \/><\/a><\/figure>\n<\/div>\n\n\n<p><\/p>\n\n\n<div class=\"wp-block-image\">\n<figure class=\"aligncenter size-large\"><a href=\"https:\/\/www.ernstesdesign.de\/?partner=affiliate-40462\" target=\"_blank\" rel=\"noreferrer noopener\"><img decoding=\"async\" width=\"1024\" height=\"190\" src=\"https:\/\/www.schmuck-jena.de\/wp\/wp-content\/uploads\/2023\/02\/ernst_design_Banner_Provision-1024x190.jpg\" alt=\"\" class=\"wp-image-506\" srcset=\"https:\/\/www.schmuck-jena.de\/wp\/wp-content\/uploads\/2023\/02\/ernst_design_Banner_Provision-1024x190.jpg 1024w, https:\/\/www.schmuck-jena.de\/wp\/wp-content\/uploads\/2023\/02\/ernst_design_Banner_Provision-300x56.jpg 300w, https:\/\/www.schmuck-jena.de\/wp\/wp-content\/uploads\/2023\/02\/ernst_design_Banner_Provision-768x142.jpg 768w, https:\/\/www.schmuck-jena.de\/wp\/wp-content\/uploads\/2023\/02\/ernst_design_Banner_Provision.jpg 1080w\" sizes=\"(max-width: 1024px) 100vw, 1024px\" \/><\/a><figcaption class=\"wp-element-caption\">  <\/figcaption><\/figure>\n<\/div>\n\n\n<h2 class=\"wp-block-heading has-text-align-center\"><br>TRAURINGLOUNGE<\/h2>\n\n\n\n<p class=\"has-text-align-left\" style=\"font-size:18px\">In unserer Trauringlounge k\u00f6nnen Sie in gepflegter Atmosph\u00e4re Ihre ganz pers\u00f6nlichen und individuellen Trauringe unter \u00fcber 1500 Modellen aussuchen oder mittels Konfigurator selbst erstellen und kreieren.<br><\/p>\n\n\n<div class=\"wp-block-image\">\n<figure class=\"alignleft size-large\"><img decoding=\"async\" width=\"1024\" height=\"455\" src=\"https:\/\/www.schmuck-jena.de\/wp\/wp-content\/uploads\/2023\/02\/startbild_geschaeft_zwei-1024x455.jpg\" alt=\"\" class=\"wp-image-496\" srcset=\"https:\/\/www.schmuck-jena.de\/wp\/wp-content\/uploads\/2023\/02\/startbild_geschaeft_zwei-1024x455.jpg 1024w, https:\/\/www.schmuck-jena.de\/wp\/wp-content\/uploads\/2023\/02\/startbild_geschaeft_zwei-300x133.jpg 300w, https:\/\/www.schmuck-jena.de\/wp\/wp-content\/uploads\/2023\/02\/startbild_geschaeft_zwei-768x341.jpg 768w, https:\/\/www.schmuck-jena.de\/wp\/wp-content\/uploads\/2023\/02\/startbild_geschaeft_zwei.jpg 1080w\" sizes=\"(max-width: 1024px) 100vw, 1024px\" \/><figcaption class=\"wp-element-caption\">  <\/figcaption><\/figure>\n<\/div>\n\n<p style=\"text-align: center; font-size: 18px;\">Unsere Gesch\u00e4ft im Burgaupark hat zwei gem\u00fctliche Trauringlounges, <br \/>wo wir sehr gern mit Ihnen in die Trauringwelt eintauchen.<\/p>\n\n\n<p><\/p>\n\n\n<\/p>\n\n\n<figure class=\"wp-block-image size-large is-resized\"><img loading=\"lazy\" decoding=\"async\" width=\"1024\" height=\"455\" src=\"https:\/\/www.schmuck-jena.de\/wp\/wp-content\/uploads\/2023\/02\/startbild_geschaeft-1024x455.jpg\" alt=\"\" class=\"wp-image-484\" style=\"object-fit:cover;width:1024px;height:480px\" srcset=\"https:\/\/www.schmuck-jena.de\/wp\/wp-content\/uploads\/2023\/02\/startbild_geschaeft-1024x455.jpg 1024w, https:\/\/www.schmuck-jena.de\/wp\/wp-content\/uploads\/2023\/02\/startbild_geschaeft-300x133.jpg 300w, https:\/\/www.schmuck-jena.de\/wp\/wp-content\/uploads\/2023\/02\/startbild_geschaeft-768x341.jpg 768w, https:\/\/www.schmuck-jena.de\/wp\/wp-content\/uploads\/2023\/02\/startbild_geschaeft.jpg 1080w\" sizes=\"(max-width: 1024px) 100vw, 1024px\" \/><\/figure>\n\n\n\n<p class=\"has-text-align-center\" style=\"font-size:18px\"><br><\/p>\n\n\n\n<div class=\"wp-block-group is-vertical is-content-justification-center is-layout-flex wp-container-core-group-is-layout-4b2eccd6 wp-block-group-is-layout-flex\">\n<p style=\"font-size:18px\">Eine Terminabsprache ist telefonisch m\u00f6glich:<\/p>\n\n\n\n<p class=\"has-text-align-center\" style=\"font-size:18px\">Telefon: <a href=\"tel:+493641365088\"><strong>03641-365088<\/strong><\/a> oder per E-Mail : <a href=\"mailto:info@schmuck-jena.de\"><strong>info@schmuck-jena.de<\/strong><\/a><\/p>\n<\/div>\n\n\n\n<p class=\"has-text-align-center\"><br><\/p>\n\n\n\n<p><\/p>\n","protected":false},"excerpt":{"rendered":"<p>Wir freuen uns sehr Sie in unseren Gesch\u00e4ft begr\u00fc\u00dfen zu d\u00fcrfen und Sie in Sachen Schmuck , Eheringen und Uhren sowie Reparaturen, Anfertigungen und Umarbeitungen zu beraten. Seit nunmehr 30 Jahren sind wir Ihr kompetenter Ansprechpartner in Sachen Schmuck und Uhren in Jena. Gerne beraten wir Sie und stehen Ihnen mit unserer Erfahrung als Trauring-Spezialisten und Goldschmiede zur Verf\u00fcgung. Vereinbaren Sie einfach einen pers\u00f6nlichen Beratungstermin mit uns. Hier k\u00f6nnen Sie Kontakt mit uns aufnehmen. Im Burgaupark07745 JenaTelefon&nbsp;03641-365088 \u00d6ffnungszeiten:Montag &#8211; Freitag: 10:00-19:00 UhrSamstag: 10:00 -18:00 Uhr TRAURINGLOUNGE In unserer Trauringlounge k\u00f6nnen Sie in gepflegter Atmosph\u00e4re Ihre ganz pers\u00f6nlichen und individuellen Trauringe unter \u00fcber 1500 Modellen aussuchen oder mittels Konfigurator selbst erstellen und kreieren. Unsere Gesch\u00e4ft im Burgaupark hat zwei gem\u00fctliche Trauringlounges, wo wir sehr gern mit Ihnen in die Trauringwelt eintauchen. Eine Terminabsprache ist telefonisch m\u00f6glich: Telefon: 03641-365088 oder per E-Mail : info@schmuck-jena.de<\/p>\n","protected":false},"author":1,"featured_media":0,"parent":0,"menu_order":0,"comment_status":"closed","ping_status":"closed","template":"","meta":{"footnotes":""},"class_list":["post-23","page","type-page","status-publish","hentry"],"yoast_head":"<!-- This site is optimized with the Yoast SEO plugin v27.1.1 - https:\/\/yoast.com\/product\/yoast-seo-wordpress\/ -->\n<title>Katrins Schmuckl\u00e4dchen Jena - Trauringe und Goldschmied<\/title>\n<meta name=\"description\" content=\"Trauringexperte Goldschmied in Jena. Trauringe, Verlobungsring Antragsring Uhren Schmuck Reparatur Beratung ... immer eine Idee f\u00fcr eine \u00dcberraschung.\" \/>\n<meta name=\"robots\" content=\"index, follow, max-snippet:-1, max-image-preview:large, max-video-preview:-1\" \/>\n<link rel=\"canonical\" href=\"https:\/\/www.schmuck-jena.de\/wp\/\" \/>\n<meta property=\"og:locale\" content=\"de_DE\" \/>\n<meta property=\"og:type\" content=\"article\" \/>\n<meta property=\"og:title\" content=\"Katrins Schmuckl\u00e4dchen Jena - Trauringe und Goldschmied\" \/>\n<meta property=\"og:description\" content=\"Trauringexperte Goldschmied in Jena. Trauringe, Verlobungsring Antragsring Uhren Schmuck Reparatur Beratung ... immer eine Idee f\u00fcr eine \u00dcberraschung.\" \/>\n<meta property=\"og:url\" content=\"https:\/\/www.schmuck-jena.de\/wp\/\" \/>\n<meta property=\"og:site_name\" content=\"Katrins Schmuckl\u00e4dchen in Jena - Uhren und Schmuck\" \/>\n<meta property=\"article:publisher\" content=\"https:\/\/www.facebook.com\/schmuckjena\" \/>\n<meta property=\"article:modified_time\" content=\"2026-03-15T10:32:05+00:00\" \/>\n<meta property=\"og:image\" content=\"https:\/\/www.schmuck-jena.de\/wp\/wp-content\/uploads\/2026\/03\/mytrends_2026-03-q.jpg\" \/>\n\t<meta property=\"og:image:width\" content=\"1024\" \/>\n\t<meta property=\"og:image:height\" content=\"576\" \/>\n\t<meta property=\"og:image:type\" content=\"image\/jpeg\" \/>\n<meta name=\"twitter:card\" content=\"summary_large_image\" \/>\n<meta name=\"twitter:label1\" content=\"Gesch\u00e4tzte Lesezeit\" \/>\n\t<meta name=\"twitter:data1\" content=\"2\u00a0Minuten\" \/>\n<script type=\"application\/ld+json\" class=\"yoast-schema-graph\">{\"@context\":\"https:\/\/schema.org\",\"@graph\":[{\"@type\":\"WebPage\",\"@id\":\"https:\/\/www.schmuck-jena.de\/wp\/\",\"url\":\"https:\/\/www.schmuck-jena.de\/wp\/\",\"name\":\"Katrins Schmuckl\u00e4dchen Jena - Trauringe und Goldschmied\",\"isPartOf\":{\"@id\":\"https:\/\/www.schmuck-jena.de\/wp\/#website\"},\"primaryImageOfPage\":{\"@id\":\"https:\/\/www.schmuck-jena.de\/wp\/#primaryimage\"},\"image\":{\"@id\":\"https:\/\/www.schmuck-jena.de\/wp\/#primaryimage\"},\"thumbnailUrl\":\"https:\/\/www.schmuck-jena.de\/wp\/wp-content\/uploads\/2026\/03\/mytrends_2026-03-q.jpg\",\"datePublished\":\"2019-08-02T15:00:15+00:00\",\"dateModified\":\"2026-03-15T10:32:05+00:00\",\"description\":\"Trauringexperte Goldschmied in Jena. Trauringe, Verlobungsring Antragsring Uhren Schmuck Reparatur Beratung ... immer eine Idee f\u00fcr eine \u00dcberraschung.\",\"breadcrumb\":{\"@id\":\"https:\/\/www.schmuck-jena.de\/wp\/#breadcrumb\"},\"inLanguage\":\"de\",\"potentialAction\":[{\"@type\":\"ReadAction\",\"target\":[\"https:\/\/www.schmuck-jena.de\/wp\/\"]}]},{\"@type\":\"ImageObject\",\"inLanguage\":\"de\",\"@id\":\"https:\/\/www.schmuck-jena.de\/wp\/#primaryimage\",\"url\":\"https:\/\/www.schmuck-jena.de\/wp\/wp-content\/uploads\/2026\/03\/mytrends_2026-03-q.jpg\",\"contentUrl\":\"https:\/\/www.schmuck-jena.de\/wp\/wp-content\/uploads\/2026\/03\/mytrends_2026-03-q.jpg\",\"width\":1024,\"height\":576},{\"@type\":\"BreadcrumbList\",\"@id\":\"https:\/\/www.schmuck-jena.de\/wp\/#breadcrumb\",\"itemListElement\":[{\"@type\":\"ListItem\",\"position\":1,\"name\":\"Startseite\",\"item\":\"https:\/\/www.schmuck-jena.de\/wp\/\"},{\"@type\":\"ListItem\",\"position\":2,\"name\":\"Katrins Schmuckl\u00e4dchen\"}]},{\"@type\":\"WebSite\",\"@id\":\"https:\/\/www.schmuck-jena.de\/wp\/#website\",\"url\":\"https:\/\/www.schmuck-jena.de\/wp\/\",\"name\":\"Kathrins Schmuckl\u00e4dchen Jena\",\"description\":\"Wir sind eine der renommiertesten Adressen f\u00fcr Trauringe, Schmuck und Uhren in Jena.\",\"publisher\":{\"@id\":\"https:\/\/www.schmuck-jena.de\/wp\/#organization\"},\"potentialAction\":[{\"@type\":\"SearchAction\",\"target\":{\"@type\":\"EntryPoint\",\"urlTemplate\":\"https:\/\/www.schmuck-jena.de\/wp\/?s={search_term_string}\"},\"query-input\":{\"@type\":\"PropertyValueSpecification\",\"valueRequired\":true,\"valueName\":\"search_term_string\"}}],\"inLanguage\":\"de\"},{\"@type\":\"Organization\",\"@id\":\"https:\/\/www.schmuck-jena.de\/wp\/#organization\",\"name\":\"Katrins Schmuckl\u00e4dchen Jena\",\"url\":\"https:\/\/www.schmuck-jena.de\/wp\/\",\"logo\":{\"@type\":\"ImageObject\",\"inLanguage\":\"de\",\"@id\":\"https:\/\/www.schmuck-jena.de\/wp\/#\/schema\/logo\/image\/\",\"url\":\"https:\/\/www.schmuck-jena.de\/wp\/wp-content\/uploads\/2019\/11\/lgo_ksl.jpg\",\"contentUrl\":\"https:\/\/www.schmuck-jena.de\/wp\/wp-content\/uploads\/2019\/11\/lgo_ksl.jpg\",\"width\":960,\"height\":960,\"caption\":\"Katrins Schmuckl\u00e4dchen Jena\"},\"image\":{\"@id\":\"https:\/\/www.schmuck-jena.de\/wp\/#\/schema\/logo\/image\/\"},\"sameAs\":[\"https:\/\/www.facebook.com\/schmuckjena\"]}]}<\/script>\n<!-- \/ Yoast SEO plugin. -->","yoast_head_json":{"title":"Katrins Schmuckl\u00e4dchen Jena - Trauringe und Goldschmied","description":"Trauringexperte Goldschmied in Jena. Trauringe, Verlobungsring Antragsring Uhren Schmuck Reparatur Beratung ... immer eine Idee f\u00fcr eine \u00dcberraschung.","robots":{"index":"index","follow":"follow","max-snippet":"max-snippet:-1","max-image-preview":"max-image-preview:large","max-video-preview":"max-video-preview:-1"},"canonical":"https:\/\/www.schmuck-jena.de\/wp\/","og_locale":"de_DE","og_type":"article","og_title":"Katrins Schmuckl\u00e4dchen Jena - Trauringe und Goldschmied","og_description":"Trauringexperte Goldschmied in Jena. Trauringe, Verlobungsring Antragsring Uhren Schmuck Reparatur Beratung ... immer eine Idee f\u00fcr eine \u00dcberraschung.","og_url":"https:\/\/www.schmuck-jena.de\/wp\/","og_site_name":"Katrins Schmuckl\u00e4dchen in Jena - Uhren und Schmuck","article_publisher":"https:\/\/www.facebook.com\/schmuckjena","article_modified_time":"2026-03-15T10:32:05+00:00","og_image":[{"width":1024,"height":576,"url":"https:\/\/www.schmuck-jena.de\/wp\/wp-content\/uploads\/2026\/03\/mytrends_2026-03-q.jpg","type":"image\/jpeg"}],"twitter_card":"summary_large_image","twitter_misc":{"Gesch\u00e4tzte Lesezeit":"2\u00a0Minuten"},"schema":{"@context":"https:\/\/schema.org","@graph":[{"@type":"WebPage","@id":"https:\/\/www.schmuck-jena.de\/wp\/","url":"https:\/\/www.schmuck-jena.de\/wp\/","name":"Katrins Schmuckl\u00e4dchen Jena - Trauringe und Goldschmied","isPartOf":{"@id":"https:\/\/www.schmuck-jena.de\/wp\/#website"},"primaryImageOfPage":{"@id":"https:\/\/www.schmuck-jena.de\/wp\/#primaryimage"},"image":{"@id":"https:\/\/www.schmuck-jena.de\/wp\/#primaryimage"},"thumbnailUrl":"https:\/\/www.schmuck-jena.de\/wp\/wp-content\/uploads\/2026\/03\/mytrends_2026-03-q.jpg","datePublished":"2019-08-02T15:00:15+00:00","dateModified":"2026-03-15T10:32:05+00:00","description":"Trauringexperte Goldschmied in Jena. Trauringe, Verlobungsring Antragsring Uhren Schmuck Reparatur Beratung ... immer eine Idee f\u00fcr eine \u00dcberraschung.","breadcrumb":{"@id":"https:\/\/www.schmuck-jena.de\/wp\/#breadcrumb"},"inLanguage":"de","potentialAction":[{"@type":"ReadAction","target":["https:\/\/www.schmuck-jena.de\/wp\/"]}]},{"@type":"ImageObject","inLanguage":"de","@id":"https:\/\/www.schmuck-jena.de\/wp\/#primaryimage","url":"https:\/\/www.schmuck-jena.de\/wp\/wp-content\/uploads\/2026\/03\/mytrends_2026-03-q.jpg","contentUrl":"https:\/\/www.schmuck-jena.de\/wp\/wp-content\/uploads\/2026\/03\/mytrends_2026-03-q.jpg","width":1024,"height":576},{"@type":"BreadcrumbList","@id":"https:\/\/www.schmuck-jena.de\/wp\/#breadcrumb","itemListElement":[{"@type":"ListItem","position":1,"name":"Startseite","item":"https:\/\/www.schmuck-jena.de\/wp\/"},{"@type":"ListItem","position":2,"name":"Katrins Schmuckl\u00e4dchen"}]},{"@type":"WebSite","@id":"https:\/\/www.schmuck-jena.de\/wp\/#website","url":"https:\/\/www.schmuck-jena.de\/wp\/","name":"Kathrins Schmuckl\u00e4dchen Jena","description":"Wir sind eine der renommiertesten Adressen f\u00fcr Trauringe, Schmuck und Uhren in Jena.","publisher":{"@id":"https:\/\/www.schmuck-jena.de\/wp\/#organization"},"potentialAction":[{"@type":"SearchAction","target":{"@type":"EntryPoint","urlTemplate":"https:\/\/www.schmuck-jena.de\/wp\/?s={search_term_string}"},"query-input":{"@type":"PropertyValueSpecification","valueRequired":true,"valueName":"search_term_string"}}],"inLanguage":"de"},{"@type":"Organization","@id":"https:\/\/www.schmuck-jena.de\/wp\/#organization","name":"Katrins Schmuckl\u00e4dchen Jena","url":"https:\/\/www.schmuck-jena.de\/wp\/","logo":{"@type":"ImageObject","inLanguage":"de","@id":"https:\/\/www.schmuck-jena.de\/wp\/#\/schema\/logo\/image\/","url":"https:\/\/www.schmuck-jena.de\/wp\/wp-content\/uploads\/2019\/11\/lgo_ksl.jpg","contentUrl":"https:\/\/www.schmuck-jena.de\/wp\/wp-content\/uploads\/2019\/11\/lgo_ksl.jpg","width":960,"height":960,"caption":"Katrins Schmuckl\u00e4dchen Jena"},"image":{"@id":"https:\/\/www.schmuck-jena.de\/wp\/#\/schema\/logo\/image\/"},"sameAs":["https:\/\/www.facebook.com\/schmuckjena"]}]}},"_links":{"self":[{"href":"https:\/\/www.schmuck-jena.de\/wp\/wp-json\/wp\/v2\/pages\/23","targetHints":{"allow":["GET"]}}],"collection":[{"href":"https:\/\/www.schmuck-jena.de\/wp\/wp-json\/wp\/v2\/pages"}],"about":[{"href":"https:\/\/www.schmuck-jena.de\/wp\/wp-json\/wp\/v2\/types\/page"}],"author":[{"embeddable":true,"href":"https:\/\/www.schmuck-jena.de\/wp\/wp-json\/wp\/v2\/users\/1"}],"replies":[{"embeddable":true,"href":"https:\/\/www.schmuck-jena.de\/wp\/wp-json\/wp\/v2\/comments?post=23"}],"version-history":[{"count":286,"href":"https:\/\/www.schmuck-jena.de\/wp\/wp-json\/wp\/v2\/pages\/23\/revisions"}],"predecessor-version":[{"id":889,"href":"https:\/\/www.schmuck-jena.de\/wp\/wp-json\/wp\/v2\/pages\/23\/revisions\/889"}],"wp:attachment":[{"href":"https:\/\/www.schmuck-jena.de\/wp\/wp-json\/wp\/v2\/media?parent=23"}],"curies":[{"name":"wp","href":"https:\/\/api.w.org\/{rel}","templated":true}]}}